{"id":1838,"date":"2021-08-20T12:52:56","date_gmt":"2021-08-20T10:52:56","guid":{"rendered":"https:\/\/parkman.nu\/?page_id=1838"},"modified":"2026-04-08T09:24:56","modified_gmt":"2026-04-08T07:24:56","slug":"home-2","status":"publish","type":"page","link":"https:\/\/parkman.nu\/en\/","title":{"rendered":"Home"},"content":{"rendered":"<section class=\"block hero-homepage\" style=\"background-image: url('https:\/\/parkman.nu\/wp-content\/uploads\/2021\/08\/hemsida-1-1600x569.jpg');\">\n    <div class=\"container-fluid\">\n                <div class=\"info-wrap editor-content\">\n            <h1>Find and rent a parking space<\/h1>\n<p>&nbsp;<\/p>\n        <\/div><!--\/.info-->\n                \t\t\t<form action=\"https:\/\/parkman.nu\/en\/our-parkings-2\/\" method=\"GET\" class=\"find-garage\">\n\t\t\t\t\t<input type=\"hidden\" value=\"\" name=\"lat\" id=\"lat\" \/>\n\t\t\t\t\t<input type=\"hidden\" value=\"\" name=\"lng\" id=\"lng\" \/>\n\t\t\t\t\t\n\t\t\t\t\t<div class=\"find-garage__placer\">\n\t\t\t\t\t\t<input type=\"text\" name=\"place\" id=\"place\" value=\"\" placeholder=\"Search by address or area\">\n\t\t\t\t\t\t\n\t\t\t\t\t\t<span class=\"find-garage__locate\" aria-label=\"Find me\">\n\t\t\t\t\t\t\t<i class=\"fal fa-crosshairs\"><\/i>\n\t\t\t\t\t\t<\/span>\n\t\t\t\t\t\t<button type=\"submit\" class=\"find-garage__submit\">\n\t\t\t\t\t\t\t<i class=\"far fa-search\"><\/i>\n\t\t\t\t\t\t<\/button>\n\t\t\t\t\t<\/div>\n\t\t\t<\/form>\n            <\/div><!--\/.container-fluid-->\n        <button class=\"scroll-btn\" aria-label=\"Click to scroll\">\n        <i class=\"fal fa-arrow-down\"><\/i>\n    <\/button>\n    <\/section>\n\n\n<section class=\"block editor-section large\">\n    <div class=\"container-fluid\">\n        <div class=\"editor-content inner-wrap narrow white\">\n            <h2 style=\"text-align: center;\">About what we do at Parkman<\/h2>\n<p style=\"text-align: center;\">We create modern parking solutions with a strong focus on first\u2011class service and safety. As a market leader in camera\u2011based parking, we are driving the development of tomorrow\u2019s solutions \u2014 with a clear vision of becoming the natural choice for both property owners and customers.<\/p>\n<p style=\"text-align: center;\"><a href=\"https:\/\/parkman.nu\/en\/about-parkman-2\/\">Learn more about us here!<\/a><\/p>\n        <\/div><!--\/.inner-wrap-->\n    <\/div><!--\/.container-fluid-->\n<\/section>\n\n\n<section class=\"block three-blocks \">\n    <div class=\"container-fluid\">\n        <div class=\"row\">\n            <div class=\"col-12 col-lg-6 img-col\">\n                <div class=\"img-block\">\n\n                                        <img decoding=\"async\" src=\"https:\/\/parkman.nu\/wp-content\/uploads\/2026\/02\/ChatGPT-Image-Feb-5-2026-02_44_32-PM-400x600.png\" alt=\"\">\n                                        <div class=\"info editor-content\">\n                        <h4><strong style=\"font-family: Cambria, sans-serif; font-size: calc(1.3rem + 0.6vw);\">How to rent a parking space<\/strong><\/h4>\n<div>\n<p>1. Go to <strong>\u201cOur parkings\u201d<\/strong> and search for the area you&#8217;re interested in.<\/p>\n<p>2. Click <strong>\u201cRent a parking space\u201d<\/strong> under the facility you want to rent in.<\/p>\n<p>3. Review the available <strong>prices and space types<\/strong>, and choose the parking space that suits you.<\/p>\n<p>4. Follow the steps on the page to <strong>submit your application of interest<\/strong>.<\/p>\n<\/div>\n                        <a class=\"link\" href=\"https:\/\/parkman.nu\/en\/our-parkings\/\" target=\"_blank\" title=\"Find your next parking spot\">Find your next parking spot <i class=\"far fa-arrow-right\"><\/i><\/a>\n                                            <\/div><!--\/.box-info-->\n                    \n                <\/div><!--\/.img-block-->\n            <\/div><!--\/.col-->\n\n            <div class=\"col-12 col-lg-6 d-flex flex-wrap align-items-lg-start justify-content-between justify-content-lg-start box-col\">\n                                <div class=\"box purple\">\n                                        <img decoding=\"async\" class=\"icon\" src=\"https:\/\/parkman.nu\/wp-content\/uploads\/2021\/06\/pay-icon.svg\" alt=\"\">\n                                        <div class=\"box-info editor-content\">\n                        <h4>Heading to an event?<\/h4>\n<p>Secure your parking spot for events at Strawberry Arena or any of the arenas in the Globen area!<\/p>\n<p>&nbsp;<\/p>\n                        <a class=\"link\" href=\"https:\/\/parkman.nu\/en\/book-event-parking\/\"  title=\"Pre-book event parking\">Pre-book event parking <i class=\"far fa-arrow-right\"><\/i><\/a>\n                                            <\/div><!--\/.box-info-->\n                                    <\/div><!--\/.box-->\n                                <div class=\"box white\">\n                                        <img decoding=\"async\" class=\"icon\" src=\"https:\/\/parkman.nu\/wp-content\/uploads\/2021\/06\/service-icon.svg\" alt=\"\">\n                                        <div class=\"box-info editor-content\">\n                        <h4>Do you want help finding the right parking solution?<\/h4>\n<p>Do you own or manage a property and want us to develop the right parking solution for you. We are happy to help you!<\/p>\n                        <a class=\"link\" href=\"https:\/\/parkman.nu\/en\/for-property-owners\/\" target=\"_blank\" title=\"Read more about what we can offer\">Read more about what we can offer <i class=\"far fa-arrow-right\"><\/i><\/a>\n                                            <\/div><!--\/.box-info-->\n                                    <\/div><!--\/.box-->\n                            <\/div><!--\/.col-->\n\n        <\/div>\n    <\/div>\n<\/section>\n\n\n<section class=\"block latest-news\">\n    <div class=\"container-fluid\">\n\n                <div class=\"top-content\">\n                        <div class=\"editor-content\">\n                <h2>Latest news at Parkman<\/h2>\n            <\/div>\n                        <div class=\"link-wrap d-flex flex-wrap justify-content-end\">\n                <a class=\"news-link d-none d-md-block\" href=\"#\"  title=\"Se all the news\">Se all the news <i class=\"far fa-arrow-right\"><\/i><\/a>\n            <\/div>\n                    <\/div><!--\/.top-content-->\n        \n                <div class=\"row\">\n                        <div class=\"col-12 col-md-6\">\n                <div class=\"post-card\">\n                    <div class=\"img-wrap\">\n                        <img decoding=\"async\" class=\"post-img\" src=\"https:\/\/parkman.nu\/wp-content\/uploads\/2022\/09\/305805001_512001554259907_4425360155493483940_n-600x434.jpg\" alt=\"\" \/>\n                    <\/div>\n                    <div class=\"info-wrap\">\n                        <time class=\"d-block\">September 7, 2022<\/time>\n                        <h4>\n                            <a class=\"link\" href=\"https:\/\/parkman.nu\/en\/easier-to-park-in-stockholm\/\" title=\"Easier to park in Stockholm!\">Easier to park in Stockholm!<span class=\"last-word\"> <i class=\"far fa-arrow-right\"><\/span><\/i><\/a>\n                        <\/h4>\n                    <\/div>\n                <\/div>\n            <\/div>\n                        <div class=\"col-12 col-md-6\">\n                <div class=\"post-card\">\n                    <div class=\"img-wrap\">\n                        <img decoding=\"async\" class=\"post-img\" src=\"https:\/\/parkman.nu\/wp-content\/uploads\/2022\/03\/Technopolis-1-600x400.jpg\" alt=\"\" \/>\n                    <\/div>\n                    <div class=\"info-wrap\">\n                        <time class=\"d-block\">February 11, 2022<\/time>\n                        <h4>\n                            <a class=\"link\" href=\"https:\/\/parkman.nu\/en\/technopolis-kista-startar-autopay\/\" title=\"Technopolis Kista startar Autopay\">Technopolis Kista startar Autopay<span class=\"last-word\"> <i class=\"far fa-arrow-right\"><\/span><\/i><\/a>\n                        <\/h4>\n                    <\/div>\n                <\/div>\n            <\/div>\n                    <\/div>\n            <\/div>\n<\/section>\n\n<section class=\"block slider-section\">\n        <div class=\"swiper-container block-slider\">\n      <div class=\"swiper-wrapper\">\n\n              <div class=\"swiper-slide swiper-lazy\" data-background=\"https:\/\/parkman.nu\/wp-content\/uploads\/2021\/08\/Taxi-Parkman-825x550.jpeg\">\n          <div class=\"container-fluid\">\n            <div class=\"text-box\">\n              <h3>The taxi remote at Arlanda and Bromma<\/h3>\n<p>We run the taxi remote at Arlanda and Bromma Airport.<\/p>\n                              <a href=\"https:\/\/parkman.nu\/sv\/taxiremote\/\" class=\"link\" >Read more about what we do here <i class=\"far fa-arrow-right\"><\/i><\/a>\n                          <\/div><!--\/.text-box-->\n          <\/div><!--\/.container-fluid-->\n        <\/div><!--\/.swiper-slide-->\n              <div class=\"swiper-slide swiper-lazy\" data-background=\"https:\/\/parkman.nu\/wp-content\/uploads\/2021\/08\/Parkman--1300x550.jpeg\">\n          <div class=\"container-fluid\">\n            <div class=\"text-box\">\n              <h3>Do you want to rent a parking space?<\/h3>\n<p>We offer parking spaces for rent around Stockholm, Gothenburg, Malm\u00f6, Norrk\u00f6ping and J\u00f6nk\u00f6ping.<\/p>\n                              <a href=\"https:\/\/parkman.nu\/sv\/hitta-garage\/\" class=\"link\" >Find you parking space here <i class=\"far fa-arrow-right\"><\/i><\/a>\n                          <\/div><!--\/.text-box-->\n          <\/div><!--\/.container-fluid-->\n        <\/div><!--\/.swiper-slide-->\n              <div class=\"swiper-slide swiper-lazy\" data-background=\"https:\/\/parkman.nu\/wp-content\/uploads\/2021\/08\/Parkman--1300x550.jpeg\">\n          <div class=\"container-fluid\">\n            <div class=\"text-box\">\n              <h3>Event at Friends Arena<\/h3>\n<p>Are you going to an event at Friends Arena and do not know where to park? We will solve that for you.<\/p>\n                              <a href=\"https:\/\/parkman.nu\/sv\/event\/\" class=\"link\" >See where you can park here <i class=\"far fa-arrow-right\"><\/i><\/a>\n                          <\/div><!--\/.text-box-->\n          <\/div><!--\/.container-fluid-->\n        <\/div><!--\/.swiper-slide-->\n      \n      <\/div><!--\/.swiper-wrapper-->\n      <div class=\"dot-nav swiper-pagination\"><\/div>\n\n    <\/div><!--\/.block-slider-->\n    <\/section>","protected":false},"excerpt":{"rendered":"","protected":false},"author":1,"featured_media":0,"parent":0,"menu_order":16,"comment_status":"closed","ping_status":"open","template":"","meta":{"_acf_changed":false,"footnotes":""},"class_list":["post-1838","page","type-page","status-publish","hentry"],"acf":[],"yoast_head":"<!-- This site is optimized with the Yoast SEO plugin v25.8 - https:\/\/yoast.com\/wordpress\/plugins\/seo\/ -->\n<title>Home - Parkman<\/title>\n<meta name=\"robots\" content=\"index, follow, max-snippet:-1, max-image-preview:large, max-video-preview:-1\" \/>\n<link rel=\"canonical\" href=\"https:\/\/parkman.nu\/en\/\" \/>\n<meta property=\"og:locale\" content=\"en_US\" \/>\n<meta property=\"og:type\" content=\"article\" \/>\n<meta property=\"og:title\" content=\"Home - Parkman\" \/>\n<meta property=\"og:url\" content=\"https:\/\/parkman.nu\/en\/\" \/>\n<meta property=\"og:site_name\" content=\"Parkman\" \/>\n<meta property=\"article:publisher\" content=\"https:\/\/sv-se.facebook.com\/parkmanisverigeab\/\" \/>\n<meta property=\"article:modified_time\" content=\"2026-04-08T07:24:56+00:00\" \/>\n<meta property=\"og:image\" content=\"https:\/\/parkman.nu\/wp-content\/uploads\/2021\/06\/logo-dark.png\" \/>\n\t<meta property=\"og:image:width\" content=\"156\" \/>\n\t<meta property=\"og:image:height\" content=\"54\" \/>\n\t<meta property=\"og:image:type\" content=\"image\/png\" \/>\n<meta name=\"twitter:card\" content=\"summary_large_image\" \/>\n<script type=\"application\/ld+json\" class=\"yoast-schema-graph\">{\"@context\":\"https:\/\/schema.org\",\"@graph\":[{\"@type\":\"WebPage\",\"@id\":\"https:\/\/parkman.nu\/en\/\",\"url\":\"https:\/\/parkman.nu\/en\/\",\"name\":\"Home - Parkman\",\"isPartOf\":{\"@id\":\"https:\/\/parkman.nu\/en\/#website\"},\"datePublished\":\"2021-08-20T10:52:56+00:00\",\"dateModified\":\"2026-04-08T07:24:56+00:00\",\"breadcrumb\":{\"@id\":\"https:\/\/parkman.nu\/en\/#breadcrumb\"},\"inLanguage\":\"en-US\",\"potentialAction\":[{\"@type\":\"ReadAction\",\"target\":[\"https:\/\/parkman.nu\/en\/\"]}]},{\"@type\":\"BreadcrumbList\",\"@id\":\"https:\/\/parkman.nu\/en\/#breadcrumb\",\"itemListElement\":[{\"@type\":\"ListItem\",\"position\":1,\"name\":\"Home\",\"item\":\"https:\/\/parkman.nu\/en\/home-2\/\"},{\"@type\":\"ListItem\",\"position\":2,\"name\":\"Home\"}]},{\"@type\":\"WebSite\",\"@id\":\"https:\/\/parkman.nu\/en\/#website\",\"url\":\"https:\/\/parkman.nu\/en\/\",\"name\":\"Parkman\",\"description\":\"\u00c4nnu en WordPress-webbplats\",\"publisher\":{\"@id\":\"https:\/\/parkman.nu\/en\/#organization\"},\"potentialAction\":[{\"@type\":\"SearchAction\",\"target\":{\"@type\":\"EntryPoint\",\"urlTemplate\":\"https:\/\/parkman.nu\/en\/?s={search_term_string}\"},\"query-input\":{\"@type\":\"PropertyValueSpecification\",\"valueRequired\":true,\"valueName\":\"search_term_string\"}}],\"inLanguage\":\"en-US\"},{\"@type\":\"Organization\",\"@id\":\"https:\/\/parkman.nu\/en\/#organization\",\"name\":\"Parkman\",\"url\":\"https:\/\/parkman.nu\/en\/\",\"logo\":{\"@type\":\"ImageObject\",\"inLanguage\":\"en-US\",\"@id\":\"https:\/\/parkman.nu\/en\/#\/schema\/logo\/image\/\",\"url\":\"https:\/\/parkman.nu\/wp-content\/uploads\/2021\/06\/logo-dark.png\",\"contentUrl\":\"https:\/\/parkman.nu\/wp-content\/uploads\/2021\/06\/logo-dark.png\",\"width\":156,\"height\":54,\"caption\":\"Parkman\"},\"image\":{\"@id\":\"https:\/\/parkman.nu\/en\/#\/schema\/logo\/image\/\"},\"sameAs\":[\"https:\/\/sv-se.facebook.com\/parkmanisverigeab\/\",\"https:\/\/www.linkedin.com\/company\/parkman-i-sverige-ab\/\"]}]}<\/script>\n<!-- \/ Yoast SEO plugin. -->","yoast_head_json":{"title":"Home - Parkman","robots":{"index":"index","follow":"follow","max-snippet":"max-snippet:-1","max-image-preview":"max-image-preview:large","max-video-preview":"max-video-preview:-1"},"canonical":"https:\/\/parkman.nu\/en\/","og_locale":"en_US","og_type":"article","og_title":"Home - Parkman","og_url":"https:\/\/parkman.nu\/en\/","og_site_name":"Parkman","article_publisher":"https:\/\/sv-se.facebook.com\/parkmanisverigeab\/","article_modified_time":"2026-04-08T07:24:56+00:00","og_image":[{"width":156,"height":54,"url":"https:\/\/parkman.nu\/wp-content\/uploads\/2021\/06\/logo-dark.png","type":"image\/png"}],"twitter_card":"summary_large_image","schema":{"@context":"https:\/\/schema.org","@graph":[{"@type":"WebPage","@id":"https:\/\/parkman.nu\/en\/","url":"https:\/\/parkman.nu\/en\/","name":"Home - Parkman","isPartOf":{"@id":"https:\/\/parkman.nu\/en\/#website"},"datePublished":"2021-08-20T10:52:56+00:00","dateModified":"2026-04-08T07:24:56+00:00","breadcrumb":{"@id":"https:\/\/parkman.nu\/en\/#breadcrumb"},"inLanguage":"en-US","potentialAction":[{"@type":"ReadAction","target":["https:\/\/parkman.nu\/en\/"]}]},{"@type":"BreadcrumbList","@id":"https:\/\/parkman.nu\/en\/#breadcrumb","itemListElement":[{"@type":"ListItem","position":1,"name":"Home","item":"https:\/\/parkman.nu\/en\/home-2\/"},{"@type":"ListItem","position":2,"name":"Home"}]},{"@type":"WebSite","@id":"https:\/\/parkman.nu\/en\/#website","url":"https:\/\/parkman.nu\/en\/","name":"Parkman","description":"\u00c4nnu en WordPress-webbplats","publisher":{"@id":"https:\/\/parkman.nu\/en\/#organization"},"potentialAction":[{"@type":"SearchAction","target":{"@type":"EntryPoint","urlTemplate":"https:\/\/parkman.nu\/en\/?s={search_term_string}"},"query-input":{"@type":"PropertyValueSpecification","valueRequired":true,"valueName":"search_term_string"}}],"inLanguage":"en-US"},{"@type":"Organization","@id":"https:\/\/parkman.nu\/en\/#organization","name":"Parkman","url":"https:\/\/parkman.nu\/en\/","logo":{"@type":"ImageObject","inLanguage":"en-US","@id":"https:\/\/parkman.nu\/en\/#\/schema\/logo\/image\/","url":"https:\/\/parkman.nu\/wp-content\/uploads\/2021\/06\/logo-dark.png","contentUrl":"https:\/\/parkman.nu\/wp-content\/uploads\/2021\/06\/logo-dark.png","width":156,"height":54,"caption":"Parkman"},"image":{"@id":"https:\/\/parkman.nu\/en\/#\/schema\/logo\/image\/"},"sameAs":["https:\/\/sv-se.facebook.com\/parkmanisverigeab\/","https:\/\/www.linkedin.com\/company\/parkman-i-sverige-ab\/"]}]}},"_links":{"self":[{"href":"https:\/\/parkman.nu\/en\/wp-json\/wp\/v2\/pages\/1838","targetHints":{"allow":["GET"]}}],"collection":[{"href":"https:\/\/parkman.nu\/en\/wp-json\/wp\/v2\/pages"}],"about":[{"href":"https:\/\/parkman.nu\/en\/wp-json\/wp\/v2\/types\/page"}],"author":[{"embeddable":true,"href":"https:\/\/parkman.nu\/en\/wp-json\/wp\/v2\/users\/1"}],"replies":[{"embeddable":true,"href":"https:\/\/parkman.nu\/en\/wp-json\/wp\/v2\/comments?post=1838"}],"version-history":[{"count":40,"href":"https:\/\/parkman.nu\/en\/wp-json\/wp\/v2\/pages\/1838\/revisions"}],"predecessor-version":[{"id":4910,"href":"https:\/\/parkman.nu\/en\/wp-json\/wp\/v2\/pages\/1838\/revisions\/4910"}],"wp:attachment":[{"href":"https:\/\/parkman.nu\/en\/wp-json\/wp\/v2\/media?parent=1838"}],"curies":[{"name":"wp","href":"https:\/\/api.w.org\/{rel}","templated":true}]}}