{"id":1837,"date":"2021-07-08T12:28:38","date_gmt":"2021-07-08T10:28:38","guid":{"rendered":"https:\/\/parkman.nu\/event\/"},"modified":"2022-03-17T10:19:39","modified_gmt":"2022-03-17T09:19:39","slug":"event","status":"publish","type":"page","link":"https:\/\/parkman.nu\/en\/event\/","title":{"rendered":"Event"},"content":{"rendered":"<section class=\"event block\">\n\t<div class=\"event__hero\">\n\t\t<div class=\"container-fluid\">\n\t\t\t<div class=\"row\">\n\t\t\t\t<div class=\"col-md-6 editor-content editor-content--white\">\n\t\t\t\t\t<h1>Parkering Friends Arena<\/h1>\n\t\t\t\t\t\t\t\t\t\t<h4 class=\"event__address\"><i class=\"fas fa-map-marker-alt\"><\/i> Ru00e5sta Strandvu00e4g 1, 169 56 Solna, Sverige<\/h4>\n\t\t\t\t\t\t\t\t\t<\/div>\n\t\t\t<\/div>\n\t\t<\/div>\n\t<\/div>\n\n\t<div class=\"event__content\">\n\t\t<div class=\"container-fluid\">\n\t\t\t<div class=\"row\">\n\t\t\t\t<div class=\"col-md-6 col-12 editor-content\">\n\t\t\t\t\t<div class=\"event__image\">\n\t\t\t\t\t\t<img loading=\"lazy\" decoding=\"async\" width=\"605\" height=\"287\" src=\"https:\/\/parkman.nu\/wp-content\/uploads\/2021\/07\/centrum.jpg\" class=\"attachment-full size-full\" alt=\"\" srcset=\"https:\/\/parkman.nu\/wp-content\/uploads\/2021\/07\/centrum.jpg 605w, https:\/\/parkman.nu\/wp-content\/uploads\/2021\/07\/centrum-600x285.jpg 600w, https:\/\/parkman.nu\/wp-content\/uploads\/2021\/07\/centrum-400x190.jpg 400w\" sizes=\"auto, (max-width: 605px) 100vw, 605px\" \/>\t\t\t\t\t<\/div>\n\t\t\t\t\t\n\t\t\t\t\t<!-- Garages list here -->\n\t\t\t\t\t<div class=\"event__garages\">\n\t\t\t\t\t\t<article class=\"garage\" data-index=\"1\" data-lat=\"59.3703148\" data-lng=\"18.0034336\">\n\t<div class=\"top-info\">\n\t\t<h4>\n\t\t\t<i>1<\/i>\n\t\t\t<span>Westfield Mall of Scandinavia<\/span>\n\t\t<\/h4>\n\t\t<ul class=\"parking-list\">\n\t\t\t<li>\n\t\t\t\t<i class=\"fas fa-map-marker-alt\"><\/i> Stj\u00e4rntorget 2, 169 79 Solna\t\t\t<\/li>\n\n\t\t\t\t\t\t<li>\n\t\t\t\t<i class=\"fas fa-clock\"><\/i> Working hours: 06-24\t\t\t<\/li>\n\t\t\t\n\t\t\t\t\t\t<li><i class=\"fas fa-directions\"><\/i> 327 meter<\/li>\n\t\t\t\t\t<\/ul>\n\t<\/div>\n\t<div class=\"bottom-info editor-content\">\n\t\t<span class=\"type\">Contract parking: <\/span>\t<\/div>\n<\/article>\n<article class=\"garage\" data-index=\"2\" data-lat=\"59.3723923\" data-lng=\"17.998304\">\n\t<div class=\"top-info\">\n\t\t<h4>\n\t\t\t<i>2<\/i>\n\t\t\t<span>Arenagaraget<\/span>\n\t\t<\/h4>\n\t\t<ul class=\"parking-list\">\n\t\t\t<li>\n\t\t\t\t<i class=\"fas fa-map-marker-alt\"><\/i> Evenemangsgatan 32, Solna, Sweden\t\t\t<\/li>\n\n\t\t\t\t\t\t<li>\n\t\t\t\t<i class=\"fas fa-clock\"><\/i> Working hours: 05.30-23.30\t\t\t<\/li>\n\t\t\t\n\t\t\t\t\t\t<li><i class=\"fas fa-directions\"><\/i> 111 meter<\/li>\n\t\t\t\t\t<\/ul>\n\t<\/div>\n\t<div class=\"bottom-info editor-content\">\n\t\t<span class=\"type\">Contract parking: <\/span>\t<\/div>\n<\/article>\n\t\t\t\t\t<\/div>\n\n\t\t\t\t\t<div class=\"general-info editor-content\">\n\t\t\t\t\t\t<h4>General information<\/h4>\n<p>Under dates marked in orange, it is an event at Friends Arena, which means that a special event fee applies. Select the date and parking area to see what it costs to park there and then. Further up the page you can see what it costs to park every other day.<\/p>\n\t\t\t\t\t<\/div>\n\n\t\t\t\t<\/div>\n\t\t\t\t\n\t\t\t\t<div class=\"col-md-6 col-12\">\n\t\t\t\t\t<div class=\"event__map\">\n\t\t\t\t\t\t\t\n\t\t\t\t\t<\/div>\n\t\t\t\t\t\t\t\t\t\t<div class=\"event__calendar\">\n\t\t\t\t\t\t<div class=\"calendar\" data-locale=\"sv\" data-dates=\"2022-03-24,2022-03-12,2021-09-02,2021-09-05,2021-09-20,2021-10-03,2021-10-09,2021-10-12,2021-10-24,2021-11-07,2021-11-25,2021-11-26,2021-11-27,2021-11-28,2021-12-04,\"><\/div>\n\t\t\t\t\t<\/div>\n\t\t\t\t\t<div class=\"event-info-wrap\">\n\t\t\t\t\t\t\t\t\t\t\t\t<div class=\"event__info editor-content\" data-dateinfo=\"2022-03-24\">\n\t\t\t\t\t\t\t<h4>Sweden &#8211; Czech Republic March 24, 2022<\/h4>\n<p>It&#8217;s time for the World Cup playoffs. Sweden meets the Czech Republic at home at Friends Arena.<\/p>\n<p><strong>Start time:<\/strong> 20.45<\/p>\n<p><strong>Expected audience figure:<\/strong> 40.000 personer<\/p>\n<p><strong>Prices for parking:<\/strong><br \/>\nArenagaraget: SEK 200 for the event<\/p>\n<p>Westfield Mall of Scandinavia: Same price as for customers<\/p>\n<p>Pyramidv\u00e4gen 5: SEK 200 for the event<\/p>\n<p><img loading=\"lazy\" decoding=\"async\" class=\"size-medium wp-image-1895 alignnone\" src=\"https:\/\/parkman.nu\/wp-content\/uploads\/2021\/08\/Friends-Arena-Parkman-i-Sverige-AB-600x230.jpg\" alt=\"\" width=\"600\" height=\"230\" srcset=\"https:\/\/parkman.nu\/wp-content\/uploads\/2021\/08\/Friends-Arena-Parkman-i-Sverige-AB-600x230.jpg 600w, https:\/\/parkman.nu\/wp-content\/uploads\/2021\/08\/Friends-Arena-Parkman-i-Sverige-AB-820x315.jpg 820w, https:\/\/parkman.nu\/wp-content\/uploads\/2021\/08\/Friends-Arena-Parkman-i-Sverige-AB-768x295.jpg 768w, https:\/\/parkman.nu\/wp-content\/uploads\/2021\/08\/Friends-Arena-Parkman-i-Sverige-AB-400x154.jpg 400w, https:\/\/parkman.nu\/wp-content\/uploads\/2021\/08\/Friends-Arena-Parkman-i-Sverige-AB-964x370.jpg 964w, https:\/\/parkman.nu\/wp-content\/uploads\/2021\/08\/Friends-Arena-Parkman-i-Sverige-AB.jpg 1284w\" sizes=\"auto, (max-width: 600px) 100vw, 600px\" \/><\/p>\n\t\t\t\t\t\t<\/div>\n\t\t\t\t\t\t\t\t\t\t\t\t<div class=\"event__info editor-content\" data-dateinfo=\"2022-03-12\">\n\t\t\t\t\t\t\t<h4>Meldodifestivalen\u00a0 Final 2022<\/h4>\n<p>Nu \u00e4r det dags f\u00f6r finalen i Sveriges st\u00f6rsta musikt\u00e4vling.<br \/>\nDen 12 mars ska det avg\u00f6ras vilken artist vi skickar vidare till finalen i Italien.<\/p>\n<p><strong>Starttid:<\/strong> 19.30<\/p>\n<p><strong>F\u00f6rv\u00e4ntad publiksiffra<\/strong>: 20.000 personer<\/p>\n<p><strong>Priser f\u00f6r parkeringen:<\/strong><br \/>\nArenagaraget: 200 kr f\u00f6r eventet<\/p>\n<p>Westfield Mall of Scandinavia: Samma pris som f\u00f6r kunder<\/p>\n<p>Pyramidv\u00e4gen 5: 200 kr f\u00f6r eventet<\/p>\n<p><img loading=\"lazy\" decoding=\"async\" class=\"size-medium wp-image-1496 alignleft\" src=\"https:\/\/parkman.nu\/wp-content\/uploads\/2021\/08\/Friendsarena-1-600x400.jpeg\" alt=\"\" width=\"600\" height=\"400\" srcset=\"https:\/\/parkman.nu\/wp-content\/uploads\/2021\/08\/Friendsarena-1-600x400.jpeg 600w, https:\/\/parkman.nu\/wp-content\/uploads\/2021\/08\/Friendsarena-1-820x547.jpeg 820w, https:\/\/parkman.nu\/wp-content\/uploads\/2021\/08\/Friendsarena-1-768x512.jpeg 768w, https:\/\/parkman.nu\/wp-content\/uploads\/2021\/08\/Friendsarena-1-1536x1024.jpeg 1536w\" sizes=\"auto, (max-width: 600px) 100vw, 600px\" \/><\/p>\n<p>&nbsp;<\/p>\n\t\t\t\t\t\t<\/div>\n\t\t\t\t\t\t\t\t\t\t\t\t<div class=\"event__info editor-content\" data-dateinfo=\"2021-09-02\">\n\t\t\t\t\t\t\t<h4>Sverige &#8211; Spanien 2 september 2021<\/h4>\n<p>VM-kvalet drar ig\u00e5ng igen. Denna g\u00e5ng m\u00f6ter Sverige Spanien p\u00e5 hemmaplan.<br \/>\nHar du biljetter till matchen p\u00e5 Friends Arena och ska ta bilen?<\/p>\n<p><strong>Starttid:<\/strong> 20.45<\/p>\n<p><strong>F\u00f6rv\u00e4ntad publiksiffra<\/strong>: 15.000 personer<\/p>\n<p><strong>Priser f\u00f6r parkeringen:<\/strong><br \/>\nArenagaraget: 200 kr f\u00f6r eventet<\/p>\n<p>Westfield Mall of Scandinavia: Samma pris som f\u00f6r kunder<\/p>\n<p>Pyramidv\u00e4gen 5: 200 kr f\u00f6r eventet<\/p>\n<p>&nbsp;<\/p>\n<p>&nbsp;<\/p>\n\t\t\t\t\t\t<\/div>\n\t\t\t\t\t\t\t\t\t\t\t\t<div class=\"event__info editor-content\" data-dateinfo=\"2021-09-05\">\n\t\t\t\t\t\t\t<h4>Sverige &#8211; Uzbekistan 5 september 2021<\/h4>\n<p>Ska du se tr\u00e4ningsmatchen mellan Sverige och Uzbekistan?<\/p>\n<p>&nbsp;<\/p>\n<p><strong>Starttid:<\/strong> 15.00<\/p>\n<p><strong>F\u00f6rv\u00e4ntad publiksiffra<\/strong>: 15.000 personer<\/p>\n<p><strong>Priser f\u00f6r parkeringen:<\/strong><br \/>\nArenagaraget: 200 kr f\u00f6r eventet<\/p>\n<p>Westfield Mall of Scandinavia: Samma pris som f\u00f6r kunder<\/p>\n<p>Pyramidv\u00e4gen 5: 200 kr f\u00f6r eventet<\/p>\n<p>&nbsp;<\/p>\n\t\t\t\t\t\t<\/div>\n\t\t\t\t\t\t\t\t\t\t\t\t<div class=\"event__info editor-content\" data-dateinfo=\"2021-09-20\">\n\t\t\t\t\t\t\t<h4>AIK &#8211; IFK G\u00f6teborg 20 september 2021<\/h4>\n<p>&nbsp;<\/p>\n<p><strong>Starttid:<\/strong> 19.00<\/p>\n<p><strong>F\u00f6rv\u00e4ntad publiksiffra<\/strong>: 15.000 personer<\/p>\n<p><strong>Priser f\u00f6r parkeringen:<\/strong><br \/>\nArenagaraget: 200 kr f\u00f6r hela eventet<\/p>\n<p>Westfield Mall of Scandinavia: Samma pris som f\u00f6r kunder<\/p>\n<p>Pyramidv\u00e4gen 5: 200 kr f\u00f6r hela eventet<\/p>\n<p>&nbsp;<\/p>\n\t\t\t\t\t\t<\/div>\n\t\t\t\t\t\t\t\t\t\t\t\t<div class=\"event__info editor-content\" data-dateinfo=\"2021-10-03\">\n\t\t\t\t\t\t\t<h4>AIK &#8211; DIF 3 oktober 2021<\/h4>\n<p><strong>Tid f\u00f6r avspark:<\/strong> 15:00<br \/>\n<strong>Rekommendation att vara p\u00e5 plats<\/strong>: 14:00<br \/>\n<strong>F\u00f6rv\u00e4ntad publiksiffra:<\/strong> 45.000<\/p>\n<p>&nbsp;<\/p>\n<p><strong>Priser f\u00f6r parkeringen:<\/strong><br \/>\nArenagaraget: 200 kr f\u00f6r hela eventet<\/p>\n<p>Westfield Mall of Scandinavia: Samma pris som f\u00f6r kunder<\/p>\n<p>Pyramidv\u00e4gen 5: 200 kr f\u00f6r hela eventet<\/p>\n<p>&nbsp;<\/p>\n\t\t\t\t\t\t<\/div>\n\t\t\t\t\t\t\t\t\t\t\t\t<div class=\"event__info editor-content\" data-dateinfo=\"2021-10-09\">\n\t\t\t\t\t\t\t<h4>Sverige &#8211; Kosovo 9 oktober 2021<\/h4>\n<p><strong>Tid f\u00f6r avspark:<\/strong> 18:00<br \/>\n<strong>Rekommendation att vara p\u00e5 plats:<\/strong> 17:00<br \/>\n<strong>F\u00f6rv\u00e4ntad publiksiffra:<\/strong> 43.000<\/p>\n<p>&nbsp;<\/p>\n<p><strong>Priser f\u00f6r parkeringen:<\/strong><br \/>\nArenagaraget: 200 kr f\u00f6r hela eventet<\/p>\n<p>Westfield Mall of Scandinavia: Samma pris som f\u00f6r kunder<\/p>\n<p>Pyramidv\u00e4gen 5: 200 kr f\u00f6r hela eventet<\/p>\n<p>&nbsp;<\/p>\n\t\t\t\t\t\t<\/div>\n\t\t\t\t\t\t\t\t\t\t\t\t<div class=\"event__info editor-content\" data-dateinfo=\"2021-10-12\">\n\t\t\t\t\t\t\t<h4>Sverige &#8211; Grekland 12 oktober 2021<\/h4>\n<p><strong>Tid f\u00f6r avspark:<\/strong> 20:45<br \/>\n<strong>Rekommendation att vara p\u00e5 plats:<\/strong> 19:45<br \/>\n<strong>F\u00f6rv\u00e4ntad publiksiffra:<\/strong> 40.000<\/p>\n<p>&nbsp;<\/p>\n<p><strong>Priser f\u00f6r parkeringen:<\/strong><br \/>\nArenagaraget: 200 kr f\u00f6r hela eventet<\/p>\n<p>Westfield Mall of Scandinavia: Samma pris som f\u00f6r kunder<\/p>\n<p>Pyramidv\u00e4gen 5: 200 kr f\u00f6r hela eventet<\/p>\n<p>&nbsp;<\/p>\n\t\t\t\t\t\t<\/div>\n\t\t\t\t\t\t\t\t\t\t\t\t<div class=\"event__info editor-content\" data-dateinfo=\"2021-10-24\">\n\t\t\t\t\t\t\t<h4>AIK- IFK Norrk\u00f6ping 24 oktober 2021<\/h4>\n<p><strong>Tid f\u00f6r avspark:<\/strong> 15:00<br \/>\n<strong>Rekommendation att vara p\u00e5 plats:<\/strong> 14:00<br \/>\n<strong>F\u00f6rv\u00e4ntad publiksiffra:<\/strong> 20.000<\/p>\n<p>&nbsp;<\/p>\n<p><strong>Priser f\u00f6r parkeringen:<\/strong><br \/>\nArenagaraget: 200 kr f\u00f6r eventet<\/p>\n<p>Westfield Mall of Scandinavia: Samma pris som f\u00f6r kunder<\/p>\n<p>Pyramidv\u00e4gen 5: 200 kr f\u00f6r eventet<\/p>\n<p>&nbsp;<\/p>\n\t\t\t\t\t\t<\/div>\n\t\t\t\t\t\t\t\t\t\t\t\t<div class=\"event__info editor-content\" data-dateinfo=\"2021-11-07\">\n\t\t\t\t\t\t\t<h4>AIK- \u00d6stersund 7 november 2021<\/h4>\n<p><strong>Tid f\u00f6r avspark:<\/strong> 15:00<br \/>\n<strong>Rekommendation att vara p\u00e5 plats:<\/strong> 14:00<br \/>\n<strong>F\u00f6rv\u00e4ntad publiksiffra:<\/strong> 20.000<\/p>\n<p>&nbsp;<\/p>\n<p><strong>Priser f\u00f6r parkeringen:<\/strong><br \/>\nArenagaraget: 200 kr f\u00f6r eventet<\/p>\n<p>Westfield Mall of Scandinavia: Samma pris som f\u00f6r kunder<\/p>\n<p>Pyramidv\u00e4gen 5: 200 kr f\u00f6r eventet<\/p>\n<p>&nbsp;<\/p>\n\t\t\t\t\t\t<\/div>\n\t\t\t\t\t\t\t\t\t\t\t\t<div class=\"event__info editor-content\" data-dateinfo=\"2021-11-25\">\n\t\t\t\t\t\t\t<h4>Sweden International Horse Show 25 november 2021<\/h4>\n<p><strong>Program f\u00f6r 25:e november:<\/strong><\/p>\n<p>12.00 Risportsm\u00e4ssa<br \/>\n19.00 Afterwork med fartfylld underh\u00e5llning<\/p>\n<p><strong><br \/>\nPriser f\u00f6r parkeringen:<\/strong><\/p>\n<p>Arenagaraget: 200 kr f\u00f6r eventet<\/p>\n<p>Westfield Mall of Scandinavia: Samma pris som f\u00f6r kunder<\/p>\n<p>Pyramidv\u00e4gen 5: 200 kr f\u00f6r eventet<\/p>\n\t\t\t\t\t\t<\/div>\n\t\t\t\t\t\t\t\t\t\t\t\t<div class=\"event__info editor-content\" data-dateinfo=\"2021-11-26\">\n\t\t\t\t\t\t\t<h4>Sweden International Horse Show 26 november 2021<\/h4>\n<p><strong>Program f\u00f6r 26:e november:<\/strong><\/p>\n<p>09.00 Risportsm\u00e4ssa<br \/>\n09.30 Dressyrinspirations p\u00e5 h\u00f6gsta niv\u00e5<br \/>\n15.00 Islandsh\u00e4star, hoppning och ryttarshow<br \/>\n19.00 Hoppning och Show i v\u00e4rldsklass<\/p>\n<p><strong>Priser f\u00f6r parkeringen:<\/strong><\/p>\n<p>Arenagaraget: 200 kr f\u00f6r eventet<\/p>\n<p>Westfield Mall of Scandinavia: Samma pris som f\u00f6r kunder<\/p>\n<p>Pyramidv\u00e4gen 5: 200 kr f\u00f6r eventet<\/p>\n\t\t\t\t\t\t<\/div>\n\t\t\t\t\t\t\t\t\t\t\t\t<div class=\"event__info editor-content\" data-dateinfo=\"2021-11-27\">\n\t\t\t\t\t\t\t<h4>Sweden International Horse Show 27 november 2021<\/h4>\n<p><strong>Program f\u00f6r 27:e november:<\/strong><\/p>\n<p>09.00 Risportsm\u00e4ssa<br \/>\n09.30 Grand Prix Dressyr<br \/>\n15.00 Familjematin\u00e9<br \/>\n18.30 Sportkv\u00e4ll med hoppning och fyrspannsk\u00f6rning<\/p>\n<p><strong>Priser f\u00f6r parkeringen:<\/strong><\/p>\n<p>Arenagaraget: 200 kr f\u00f6r eventet<\/p>\n<p>Westfield Mall of Scandinavia: Samma pris som f\u00f6r kunder<\/p>\n<p>Pyramidv\u00e4gen 5: 200 kr f\u00f6r eventet<\/p>\n\t\t\t\t\t\t<\/div>\n\t\t\t\t\t\t\t\t\t\t\t\t<div class=\"event__info editor-content\" data-dateinfo=\"2021-11-28\">\n\t\t\t\t\t\t\t<h4>Sweden International Horse Show 28 november 2021<\/h4>\n<p><strong>Program f\u00f6r 28:e november:<\/strong><\/p>\n<p>09.00 Risportsm\u00e4ssa<br \/>\n09.30 Dags f\u00f6r k\u00fcr<br \/>\n14.00 Familjeunderh\u00e5llning<br \/>\n17.00 Grand prix hoppning och Inomhusf\u00e4ltt\u00e4vlan<\/p>\n<p><strong>Priser f\u00f6r parkeringen:<\/strong><\/p>\n<p>Arenagaraget: 200 kr f\u00f6r eventet<\/p>\n<p>Westfield Mall of Scandinavia: Samma pris som f\u00f6r kunder<\/p>\n<p>Pyramidv\u00e4gen 5: 200 kr f\u00f6r eventet<\/p>\n\t\t\t\t\t\t<\/div>\n\t\t\t\t\t\t\t\t\t\t\t\t<div class=\"event__info editor-content\" data-dateinfo=\"2021-12-04\">\n\t\t\t\t\t\t\t<h4>AIK &#8211; IK Sirius 4 december 2021<\/h4>\n<p>Allsvenskan sista match f\u00f6r i \u00e5r \u00e4r den 4 december p\u00e5 Friends Arena. I den h\u00e4r matchen m\u00f6ter AIK &#8211; IK Siruis p\u00e5 hemmaplan.<br \/>\nHar du biljetter till matchen p\u00e5 Friends Arena och ska ta bilen?<\/p>\n<p><strong>Starttid:<\/strong> 15.00<\/p>\n<p><strong>F\u00f6rv\u00e4ntad publiksiffra<\/strong>: 30.000 personer<\/p>\n<p><strong>Priser f\u00f6r parkeringen:<\/strong><br \/>\nArenagaraget: 200 kr f\u00f6r eventet<\/p>\n<p>Westfield Mall of Scandinavia: Samma pris som f\u00f6r kunder<\/p>\n<p>Pyramidv\u00e4gen 5: 200 kr f\u00f6r eventet<\/p>\n<p>&nbsp;<\/p>\n\t\t\t\t\t\t<\/div>\n\t\t\t\t\t\t\t\t\t\t\t\t<div class=\"event__info editor-content\" data-dateinfo=\"\">\n\t\t\t\t\t\t\t\t\t\t\t\t\t<\/div>\n\t\t\t\t\t\t\t\t\t\t\t<\/div>\n\t\t\t\t\t\t\t\t\t<\/div>\n\t\t\t<\/div>\n\t\t<\/div>\n\t<\/div>\n\n<\/section>\n<script src=\"https:\/\/maps.googleapis.com\/maps\/api\/js?key=AIzaSyC51TYI0oaz7EpFxGi0Mcxh9B388NPqXEw\"><\/script>\n","protected":false},"excerpt":{"rendered":"","protected":false},"author":1,"featured_media":0,"parent":0,"menu_order":1,"comment_status":"closed","ping_status":"closed","template":"page-fixed-header.php","meta":{"_acf_changed":false,"footnotes":""},"class_list":["post-1837","page","type-page","status-publish","hentry"],"acf":[],"yoast_head":"<!-- This site is optimized with the Yoast SEO plugin v25.8 - https:\/\/yoast.com\/wordpress\/plugins\/seo\/ -->\n<title>Event - Parkman<\/title>\n<meta name=\"robots\" content=\"index, follow, max-snippet:-1, max-image-preview:large, max-video-preview:-1\" \/>\n<link rel=\"canonical\" href=\"https:\/\/parkman.nu\/en\/event\/\" \/>\n<meta property=\"og:locale\" content=\"en_US\" \/>\n<meta property=\"og:type\" content=\"article\" \/>\n<meta property=\"og:title\" content=\"Event - Parkman\" \/>\n<meta property=\"og:url\" content=\"https:\/\/parkman.nu\/en\/event\/\" \/>\n<meta property=\"og:site_name\" content=\"Parkman\" \/>\n<meta property=\"article:publisher\" content=\"https:\/\/sv-se.facebook.com\/parkmanisverigeab\/\" \/>\n<meta property=\"article:modified_time\" content=\"2022-03-17T09:19:39+00:00\" \/>\n<meta property=\"og:image\" content=\"https:\/\/parkman.nu\/wp-content\/uploads\/2021\/06\/logo-dark.png\" \/>\n\t<meta property=\"og:image:width\" content=\"156\" \/>\n\t<meta property=\"og:image:height\" content=\"54\" \/>\n\t<meta property=\"og:image:type\" content=\"image\/png\" \/>\n<meta name=\"twitter:card\" content=\"summary_large_image\" \/>\n<script type=\"application\/ld+json\" class=\"yoast-schema-graph\">{\"@context\":\"https:\/\/schema.org\",\"@graph\":[{\"@type\":\"WebPage\",\"@id\":\"https:\/\/parkman.nu\/en\/event\/\",\"url\":\"https:\/\/parkman.nu\/en\/event\/\",\"name\":\"Event - Parkman\",\"isPartOf\":{\"@id\":\"https:\/\/parkman.nu\/en\/#website\"},\"datePublished\":\"2021-07-08T10:28:38+00:00\",\"dateModified\":\"2022-03-17T09:19:39+00:00\",\"breadcrumb\":{\"@id\":\"https:\/\/parkman.nu\/en\/event\/#breadcrumb\"},\"inLanguage\":\"en-US\",\"potentialAction\":[{\"@type\":\"ReadAction\",\"target\":[\"https:\/\/parkman.nu\/en\/event\/\"]}]},{\"@type\":\"BreadcrumbList\",\"@id\":\"https:\/\/parkman.nu\/en\/event\/#breadcrumb\",\"itemListElement\":[{\"@type\":\"ListItem\",\"position\":1,\"name\":\"Home\",\"item\":\"https:\/\/parkman.nu\/en\/home-2\/\"},{\"@type\":\"ListItem\",\"position\":2,\"name\":\"Event\"}]},{\"@type\":\"WebSite\",\"@id\":\"https:\/\/parkman.nu\/en\/#website\",\"url\":\"https:\/\/parkman.nu\/en\/\",\"name\":\"Parkman\",\"description\":\"\u00c4nnu en WordPress-webbplats\",\"publisher\":{\"@id\":\"https:\/\/parkman.nu\/en\/#organization\"},\"potentialAction\":[{\"@type\":\"SearchAction\",\"target\":{\"@type\":\"EntryPoint\",\"urlTemplate\":\"https:\/\/parkman.nu\/en\/?s={search_term_string}\"},\"query-input\":{\"@type\":\"PropertyValueSpecification\",\"valueRequired\":true,\"valueName\":\"search_term_string\"}}],\"inLanguage\":\"en-US\"},{\"@type\":\"Organization\",\"@id\":\"https:\/\/parkman.nu\/en\/#organization\",\"name\":\"Parkman\",\"url\":\"https:\/\/parkman.nu\/en\/\",\"logo\":{\"@type\":\"ImageObject\",\"inLanguage\":\"en-US\",\"@id\":\"https:\/\/parkman.nu\/en\/#\/schema\/logo\/image\/\",\"url\":\"https:\/\/parkman.nu\/wp-content\/uploads\/2021\/06\/logo-dark.png\",\"contentUrl\":\"https:\/\/parkman.nu\/wp-content\/uploads\/2021\/06\/logo-dark.png\",\"width\":156,\"height\":54,\"caption\":\"Parkman\"},\"image\":{\"@id\":\"https:\/\/parkman.nu\/en\/#\/schema\/logo\/image\/\"},\"sameAs\":[\"https:\/\/sv-se.facebook.com\/parkmanisverigeab\/\",\"https:\/\/www.linkedin.com\/company\/parkman-i-sverige-ab\/\"]}]}<\/script>\n<!-- \/ Yoast SEO plugin. -->","yoast_head_json":{"title":"Event - Parkman","robots":{"index":"index","follow":"follow","max-snippet":"max-snippet:-1","max-image-preview":"max-image-preview:large","max-video-preview":"max-video-preview:-1"},"canonical":"https:\/\/parkman.nu\/en\/event\/","og_locale":"en_US","og_type":"article","og_title":"Event - Parkman","og_url":"https:\/\/parkman.nu\/en\/event\/","og_site_name":"Parkman","article_publisher":"https:\/\/sv-se.facebook.com\/parkmanisverigeab\/","article_modified_time":"2022-03-17T09:19:39+00:00","og_image":[{"width":156,"height":54,"url":"https:\/\/parkman.nu\/wp-content\/uploads\/2021\/06\/logo-dark.png","type":"image\/png"}],"twitter_card":"summary_large_image","schema":{"@context":"https:\/\/schema.org","@graph":[{"@type":"WebPage","@id":"https:\/\/parkman.nu\/en\/event\/","url":"https:\/\/parkman.nu\/en\/event\/","name":"Event - Parkman","isPartOf":{"@id":"https:\/\/parkman.nu\/en\/#website"},"datePublished":"2021-07-08T10:28:38+00:00","dateModified":"2022-03-17T09:19:39+00:00","breadcrumb":{"@id":"https:\/\/parkman.nu\/en\/event\/#breadcrumb"},"inLanguage":"en-US","potentialAction":[{"@type":"ReadAction","target":["https:\/\/parkman.nu\/en\/event\/"]}]},{"@type":"BreadcrumbList","@id":"https:\/\/parkman.nu\/en\/event\/#breadcrumb","itemListElement":[{"@type":"ListItem","position":1,"name":"Home","item":"https:\/\/parkman.nu\/en\/home-2\/"},{"@type":"ListItem","position":2,"name":"Event"}]},{"@type":"WebSite","@id":"https:\/\/parkman.nu\/en\/#website","url":"https:\/\/parkman.nu\/en\/","name":"Parkman","description":"\u00c4nnu en WordPress-webbplats","publisher":{"@id":"https:\/\/parkman.nu\/en\/#organization"},"potentialAction":[{"@type":"SearchAction","target":{"@type":"EntryPoint","urlTemplate":"https:\/\/parkman.nu\/en\/?s={search_term_string}"},"query-input":{"@type":"PropertyValueSpecification","valueRequired":true,"valueName":"search_term_string"}}],"inLanguage":"en-US"},{"@type":"Organization","@id":"https:\/\/parkman.nu\/en\/#organization","name":"Parkman","url":"https:\/\/parkman.nu\/en\/","logo":{"@type":"ImageObject","inLanguage":"en-US","@id":"https:\/\/parkman.nu\/en\/#\/schema\/logo\/image\/","url":"https:\/\/parkman.nu\/wp-content\/uploads\/2021\/06\/logo-dark.png","contentUrl":"https:\/\/parkman.nu\/wp-content\/uploads\/2021\/06\/logo-dark.png","width":156,"height":54,"caption":"Parkman"},"image":{"@id":"https:\/\/parkman.nu\/en\/#\/schema\/logo\/image\/"},"sameAs":["https:\/\/sv-se.facebook.com\/parkmanisverigeab\/","https:\/\/www.linkedin.com\/company\/parkman-i-sverige-ab\/"]}]}},"_links":{"self":[{"href":"https:\/\/parkman.nu\/en\/wp-json\/wp\/v2\/pages\/1837","targetHints":{"allow":["GET"]}}],"collection":[{"href":"https:\/\/parkman.nu\/en\/wp-json\/wp\/v2\/pages"}],"about":[{"href":"https:\/\/parkman.nu\/en\/wp-json\/wp\/v2\/types\/page"}],"author":[{"embeddable":true,"href":"https:\/\/parkman.nu\/en\/wp-json\/wp\/v2\/users\/1"}],"replies":[{"embeddable":true,"href":"https:\/\/parkman.nu\/en\/wp-json\/wp\/v2\/comments?post=1837"}],"version-history":[{"count":29,"href":"https:\/\/parkman.nu\/en\/wp-json\/wp\/v2\/pages\/1837\/revisions"}],"predecessor-version":[{"id":2548,"href":"https:\/\/parkman.nu\/en\/wp-json\/wp\/v2\/pages\/1837\/revisions\/2548"}],"wp:attachment":[{"href":"https:\/\/parkman.nu\/en\/wp-json\/wp\/v2\/media?parent=1837"}],"curies":[{"name":"wp","href":"https:\/\/api.w.org\/{rel}","templated":true}]}}