{"id":1823,"date":"2021-08-20T12:03:27","date_gmt":"2021-08-20T10:03:27","guid":{"rendered":"https:\/\/parkman.nu\/?page_id=1823"},"modified":"2026-03-18T14:27:21","modified_gmt":"2026-03-18T13:27:21","slug":"contact-2","status":"publish","type":"page","link":"https:\/\/parkman.nu\/en\/contact-2\/","title":{"rendered":"Contact"},"content":{"rendered":"<section class=\"block hero-homepage\" style=\"background-image: url('https:\/\/parkman.nu\/wp-content\/uploads\/2021\/08\/hemsida-1-1600x569.jpg');\">\n    <div class=\"container-fluid\">\n                    <\/div><!--\/.container-fluid-->\n    <\/section>\n\n<section class=\"block breadcrumbs\">\n    <div class=\"container-fluid\">\n\t\t<div class=\"row\">\n\t\t\t<div class=\"col-12\">\n\t\t\t\t<nav id=\"breadcrumbs\" class=\"bread-nav\"><span><span><a href=\"https:\/\/parkman.nu\/en\/\">Home<\/a><\/span><\/span><\/nav>\t\t\t<\/div>\n\t\t<\/div>\n    <\/div>\n<\/section>\n\n\n<section class=\"block editor-section small\">\n    <div class=\"container-fluid\">\n        <div class=\"editor-content inner-wrap narrow white\">\n            <h3 style=\"text-align: center;\">Contact<\/h3>\n<p style=\"text-align: center;\">We at Parkman think it is important to hear what you think and to have a good dialogue with you. We are happy to help you with your questions about parking. Contact us with the info below and we will respond as quickly as we can.<\/p>\n        <\/div><!--\/.inner-wrap-->\n    <\/div><!--\/.container-fluid-->\n<\/section>\n\n\n<section class=\"block editor-section small\">\n    <div class=\"container-fluid\">\n        <div class=\"editor-content inner-wrap full purple\">\n            <h3>Support<\/h3>\n<ul class=\"dot-list\">\n<li>If something went wrong and you need help, you can reach us on 08-734 90 00.<br \/>\nOpening hours are Monday-Sunday at 08: 00-20:00<\/li>\n<li>The remaining time you reach our emergency number on the same number in case of urgent problems.<\/li>\n<li>Parked incorrectly or is there an error on your control fee? Do you want to appeal a control fee you\u2019ve received?\n<div>Contact Hojab: +46 8 735 29 99<\/div>\n<\/li>\n<\/ul>\n        <\/div><!--\/.inner-wrap-->\n    <\/div><!--\/.container-fluid-->\n<\/section>\n\n\n<section class=\"block contact-columns\">\n    <div class=\"container-fluid\">\n        \n            <div class=\"editor-content top-content\">\n                <h2 style=\"text-align: center;\">Contact information<\/h2>\n<p class=\"large\" style=\"text-align: center;\">Below you will find all our departments and their opening hours.<br \/>\nContact our customer service, rental department or our sales department and we will help you with your case.<\/p>\n            <\/div><!--\/.top-content-->\n\n        \n                <div class=\"column-wrap\">\n            <div class=\"row\">\n\n                \n                    <div class=\"col-12 col-md-6 col-lg-4\">\n                        <div class=\"info-block\">\n                                                            <h5>Customer service<\/h5>\n                            \n                                                            <ul class=\"contact-list\">\n\n                                                                    <li class=\"d-flex align-items-top\">\n                                        <i class=\"icon fas fa-envelope\"><\/i>                                            <a href=\"mailto:info@parkman.nu\" >\n                                                info@parkman.nu                                            <\/a>\n                                                                            <\/li>\n                                                                    <li class=\"d-flex align-items-top\">\n                                        <i class=\"icon fas fa-phone\"><\/i>                                            <a href=\"tel:087349000\" >\n                                                08-734 90 00                                             <\/a>\n                                                                            <\/li>\n                                                                    <li class=\"d-flex align-items-top\">\n                                        <i class=\"icon fas fa-clock\"><\/i>                                            <span>Open every day 08:00-20:00 <\/span>\n                                                                            <\/li>\n                                \n                                <\/ul><!--\/.contact-list-->\n                            \n                        <\/div><!--\/.info-block-->\n                    <\/div><!--\/.col-->\n\n                \n                    <div class=\"col-12 col-md-6 col-lg-4\">\n                        <div class=\"info-block\">\n                                                            <h5>Rental department<\/h5>\n                            \n                                                            <ul class=\"contact-list\">\n\n                                                                    <li class=\"d-flex align-items-top\">\n                                        <i class=\"icon fas fa-envelope\"><\/i>                                            <a href=\"mailto:uthyrning@parkman.nu\" >\n                                                uthyrning@parkman.nu                                            <\/a>\n                                                                            <\/li>\n                                                                    <li class=\"d-flex align-items-top\">\n                                        <i class=\"icon fas fa-phone\"><\/i>                                            <a href=\"tel:087349000\" >\n                                                08-734 90 00                                            <\/a>\n                                                                            <\/li>\n                                                                    <li class=\"d-flex align-items-top\">\n                                        <i class=\"icon fas fa-clock\"><\/i>                                            <span>Open Monday-Friday 08:00-16:00 <br>\r\nclosed for lunch 12:00-13:00<\/span>\n                                                                            <\/li>\n                                \n                                <\/ul><!--\/.contact-list-->\n                            \n                        <\/div><!--\/.info-block-->\n                    <\/div><!--\/.col-->\n\n                \n                    <div class=\"col-12 col-md-6 col-lg-4\">\n                        <div class=\"info-block\">\n                                                            <h5>Sales<\/h5>\n                            \n                                                            <ul class=\"contact-list\">\n\n                                                                    <li class=\"d-flex align-items-top\">\n                                        <i class=\"icon fas fa-envelope\"><\/i>                                            <a href=\"mailto:sales@parkman.nu\" >\n                                                Sales@parkman.nu                                            <\/a>\n                                                                            <\/li>\n                                \n                                <\/ul><!--\/.contact-list-->\n                            \n                        <\/div><!--\/.info-block-->\n                    <\/div><!--\/.col-->\n\n                \n                    <div class=\"col-12 col-md-6 col-lg-4\">\n                        <div class=\"info-block\">\n                                                            <h5>Postal address<\/h5>\n                            \n                                                            <ul class=\"contact-list\">\n\n                                                                    <li class=\"d-flex align-items-top\">\n                                        <i class=\"icon fas fa-envelope\"><\/i>                                            <span>Parkman i Sverige<br>\r\nBox 2895<br>\r\n187 28 T\u00e4by<\/span>\n                                                                            <\/li>\n                                \n                                <\/ul><!--\/.contact-list-->\n                            \n                        <\/div><!--\/.info-block-->\n                    <\/div><!--\/.col-->\n\n                \n                    <div class=\"col-12 col-md-6 col-lg-4\">\n                        <div class=\"info-block\">\n                                                            <h5>Visiting address<\/h5>\n                            \n                                                            <ul class=\"contact-list\">\n\n                                                                    <li class=\"d-flex align-items-top\">\n                                        <i class=\"icon fas fa-map-marker\"><\/i>                                            <a href=\"https:\/\/g.page\/ParkmaniSverigeAB?share\" target=\"_blank\">\n                                                H\u00f6rn\u00e5kersv\u00e4gen 12<br>\r\n183 65 T\u00e4by                                            <\/a>\n                                                                            <\/li>\n                                                                    <li class=\"d-flex align-items-top\">\n                                        <i class=\"icon fas fa-phone\"><\/i>                                            <a href=\"tel:087349000\" >\n                                                08-734 90 00                                            <\/a>\n                                                                            <\/li>\n                                \n                                <\/ul><!--\/.contact-list-->\n                            \n                        <\/div><!--\/.info-block-->\n                    <\/div><!--\/.col-->\n\n                \n                    <div class=\"col-12 col-md-6 col-lg-4\">\n                        <div class=\"info-block\">\n                                                            <h5>Press contact<\/h5>\n                            \n                                                            <ul class=\"contact-list\">\n\n                                                                    <li class=\"d-flex align-items-top\">\n                                        <i class=\"icon fas fa-envelope\"><\/i>                                            <span>press@parkman.nu<\/span>\n                                                                            <\/li>\n                                \n                                <\/ul><!--\/.contact-list-->\n                            \n                        <\/div><!--\/.info-block-->\n                    <\/div><!--\/.col-->\n\n                            <\/div><!--\/.row-->\n        <\/div><!--\/.column-wrap-->\n            <\/div><!--\/.container-fluid-->\n<\/section>\n\n\n<section class=\"block editor-section small\">\n    <div class=\"container-fluid\">\n        <div class=\"editor-content inner-wrap full purple\">\n            <p><strong style=\"font-family: Cambria, sans-serif; font-size: 1.75rem;\">Whistleblowing Function<\/strong><\/p>\n<div>\n<p>Our whistleblowing function allows you to report suspicions of serious misconduct. The whistleblowing system is limited to serious irregularities and wrongdoing, such as:<\/p>\n<ul class=\"dot-list\">\n<li>Illegal activities<\/li>\n<li>Financial crime (for example, incorrect accounting, breaches of internal control procedures, or embezzlement)<\/li>\n<li>Bribery or corruption<\/li>\n<li>Conflicts of interest<\/li>\n<li>Serious impact on individuals\u2019 lives and health<\/li>\n<\/ul>\n<p>The whistleblowing function handles matters concerning all company employees. If you have feedback about other aspects of the organisation, this should primarily be addressed with your immediate manager or submitted via our contact form above.<\/p>\n<p>The whistleblower remains anonymous throughout the process, unless otherwise indicated at the time of the report.<\/p>\n<p><a href=\"https:\/\/parkman.whistlelink.com\/\"><strong>Click here to access the whistleblowing function \u2192<\/strong><\/a><\/p>\n<\/div>\n        <\/div><!--\/.inner-wrap-->\n    <\/div><!--\/.container-fluid-->\n<\/section>","protected":false},"excerpt":{"rendered":"","protected":false},"author":2,"featured_media":0,"parent":0,"menu_order":21,"comment_status":"closed","ping_status":"closed","template":"","meta":{"_acf_changed":false,"footnotes":""},"class_list":["post-1823","page","type-page","status-publish","hentry"],"acf":[],"yoast_head":"<!-- This site is optimized with the Yoast SEO plugin v25.8 - https:\/\/yoast.com\/wordpress\/plugins\/seo\/ -->\n<title>Contact - Parkman<\/title>\n<meta name=\"robots\" content=\"index, follow, max-snippet:-1, max-image-preview:large, max-video-preview:-1\" \/>\n<link rel=\"canonical\" href=\"https:\/\/parkman.nu\/en\/contact-2\/\" \/>\n<meta property=\"og:locale\" content=\"en_US\" \/>\n<meta property=\"og:type\" content=\"article\" \/>\n<meta property=\"og:title\" content=\"Contact - Parkman\" \/>\n<meta property=\"og:url\" content=\"https:\/\/parkman.nu\/en\/contact-2\/\" \/>\n<meta property=\"og:site_name\" content=\"Parkman\" \/>\n<meta property=\"article:publisher\" content=\"https:\/\/sv-se.facebook.com\/parkmanisverigeab\/\" \/>\n<meta property=\"article:modified_time\" content=\"2026-03-18T13:27:21+00:00\" \/>\n<meta property=\"og:image\" content=\"https:\/\/parkman.nu\/wp-content\/uploads\/2021\/06\/logo-dark.png\" \/>\n\t<meta property=\"og:image:width\" content=\"156\" \/>\n\t<meta property=\"og:image:height\" content=\"54\" \/>\n\t<meta property=\"og:image:type\" content=\"image\/png\" \/>\n<meta name=\"twitter:card\" content=\"summary_large_image\" \/>\n<script type=\"application\/ld+json\" class=\"yoast-schema-graph\">{\"@context\":\"https:\/\/schema.org\",\"@graph\":[{\"@type\":\"WebPage\",\"@id\":\"https:\/\/parkman.nu\/en\/contact-2\/\",\"url\":\"https:\/\/parkman.nu\/en\/contact-2\/\",\"name\":\"Contact - Parkman\",\"isPartOf\":{\"@id\":\"https:\/\/parkman.nu\/en\/#website\"},\"datePublished\":\"2021-08-20T10:03:27+00:00\",\"dateModified\":\"2026-03-18T13:27:21+00:00\",\"breadcrumb\":{\"@id\":\"https:\/\/parkman.nu\/en\/contact-2\/#breadcrumb\"},\"inLanguage\":\"en-US\",\"potentialAction\":[{\"@type\":\"ReadAction\",\"target\":[\"https:\/\/parkman.nu\/en\/contact-2\/\"]}]},{\"@type\":\"BreadcrumbList\",\"@id\":\"https:\/\/parkman.nu\/en\/contact-2\/#breadcrumb\",\"itemListElement\":[{\"@type\":\"ListItem\",\"position\":1,\"name\":\"Home\",\"item\":\"https:\/\/parkman.nu\/en\/\"},{\"@type\":\"ListItem\",\"position\":2,\"name\":\"Contact\"}]},{\"@type\":\"WebSite\",\"@id\":\"https:\/\/parkman.nu\/en\/#website\",\"url\":\"https:\/\/parkman.nu\/en\/\",\"name\":\"Parkman\",\"description\":\"\u00c4nnu en WordPress-webbplats\",\"publisher\":{\"@id\":\"https:\/\/parkman.nu\/en\/#organization\"},\"potentialAction\":[{\"@type\":\"SearchAction\",\"target\":{\"@type\":\"EntryPoint\",\"urlTemplate\":\"https:\/\/parkman.nu\/en\/?s={search_term_string}\"},\"query-input\":{\"@type\":\"PropertyValueSpecification\",\"valueRequired\":true,\"valueName\":\"search_term_string\"}}],\"inLanguage\":\"en-US\"},{\"@type\":\"Organization\",\"@id\":\"https:\/\/parkman.nu\/en\/#organization\",\"name\":\"Parkman\",\"url\":\"https:\/\/parkman.nu\/en\/\",\"logo\":{\"@type\":\"ImageObject\",\"inLanguage\":\"en-US\",\"@id\":\"https:\/\/parkman.nu\/en\/#\/schema\/logo\/image\/\",\"url\":\"https:\/\/parkman.nu\/wp-content\/uploads\/2021\/06\/logo-dark.png\",\"contentUrl\":\"https:\/\/parkman.nu\/wp-content\/uploads\/2021\/06\/logo-dark.png\",\"width\":156,\"height\":54,\"caption\":\"Parkman\"},\"image\":{\"@id\":\"https:\/\/parkman.nu\/en\/#\/schema\/logo\/image\/\"},\"sameAs\":[\"https:\/\/sv-se.facebook.com\/parkmanisverigeab\/\",\"https:\/\/www.linkedin.com\/company\/parkman-i-sverige-ab\/\"]}]}<\/script>\n<!-- \/ Yoast SEO plugin. -->","yoast_head_json":{"title":"Contact - Parkman","robots":{"index":"index","follow":"follow","max-snippet":"max-snippet:-1","max-image-preview":"max-image-preview:large","max-video-preview":"max-video-preview:-1"},"canonical":"https:\/\/parkman.nu\/en\/contact-2\/","og_locale":"en_US","og_type":"article","og_title":"Contact - Parkman","og_url":"https:\/\/parkman.nu\/en\/contact-2\/","og_site_name":"Parkman","article_publisher":"https:\/\/sv-se.facebook.com\/parkmanisverigeab\/","article_modified_time":"2026-03-18T13:27:21+00:00","og_image":[{"width":156,"height":54,"url":"https:\/\/parkman.nu\/wp-content\/uploads\/2021\/06\/logo-dark.png","type":"image\/png"}],"twitter_card":"summary_large_image","schema":{"@context":"https:\/\/schema.org","@graph":[{"@type":"WebPage","@id":"https:\/\/parkman.nu\/en\/contact-2\/","url":"https:\/\/parkman.nu\/en\/contact-2\/","name":"Contact - Parkman","isPartOf":{"@id":"https:\/\/parkman.nu\/en\/#website"},"datePublished":"2021-08-20T10:03:27+00:00","dateModified":"2026-03-18T13:27:21+00:00","breadcrumb":{"@id":"https:\/\/parkman.nu\/en\/contact-2\/#breadcrumb"},"inLanguage":"en-US","potentialAction":[{"@type":"ReadAction","target":["https:\/\/parkman.nu\/en\/contact-2\/"]}]},{"@type":"BreadcrumbList","@id":"https:\/\/parkman.nu\/en\/contact-2\/#breadcrumb","itemListElement":[{"@type":"ListItem","position":1,"name":"Home","item":"https:\/\/parkman.nu\/en\/"},{"@type":"ListItem","position":2,"name":"Contact"}]},{"@type":"WebSite","@id":"https:\/\/parkman.nu\/en\/#website","url":"https:\/\/parkman.nu\/en\/","name":"Parkman","description":"\u00c4nnu en WordPress-webbplats","publisher":{"@id":"https:\/\/parkman.nu\/en\/#organization"},"potentialAction":[{"@type":"SearchAction","target":{"@type":"EntryPoint","urlTemplate":"https:\/\/parkman.nu\/en\/?s={search_term_string}"},"query-input":{"@type":"PropertyValueSpecification","valueRequired":true,"valueName":"search_term_string"}}],"inLanguage":"en-US"},{"@type":"Organization","@id":"https:\/\/parkman.nu\/en\/#organization","name":"Parkman","url":"https:\/\/parkman.nu\/en\/","logo":{"@type":"ImageObject","inLanguage":"en-US","@id":"https:\/\/parkman.nu\/en\/#\/schema\/logo\/image\/","url":"https:\/\/parkman.nu\/wp-content\/uploads\/2021\/06\/logo-dark.png","contentUrl":"https:\/\/parkman.nu\/wp-content\/uploads\/2021\/06\/logo-dark.png","width":156,"height":54,"caption":"Parkman"},"image":{"@id":"https:\/\/parkman.nu\/en\/#\/schema\/logo\/image\/"},"sameAs":["https:\/\/sv-se.facebook.com\/parkmanisverigeab\/","https:\/\/www.linkedin.com\/company\/parkman-i-sverige-ab\/"]}]}},"_links":{"self":[{"href":"https:\/\/parkman.nu\/en\/wp-json\/wp\/v2\/pages\/1823","targetHints":{"allow":["GET"]}}],"collection":[{"href":"https:\/\/parkman.nu\/en\/wp-json\/wp\/v2\/pages"}],"about":[{"href":"https:\/\/parkman.nu\/en\/wp-json\/wp\/v2\/types\/page"}],"author":[{"embeddable":true,"href":"https:\/\/parkman.nu\/en\/wp-json\/wp\/v2\/users\/2"}],"replies":[{"embeddable":true,"href":"https:\/\/parkman.nu\/en\/wp-json\/wp\/v2\/comments?post=1823"}],"version-history":[{"count":26,"href":"https:\/\/parkman.nu\/en\/wp-json\/wp\/v2\/pages\/1823\/revisions"}],"predecessor-version":[{"id":4799,"href":"https:\/\/parkman.nu\/en\/wp-json\/wp\/v2\/pages\/1823\/revisions\/4799"}],"wp:attachment":[{"href":"https:\/\/parkman.nu\/en\/wp-json\/wp\/v2\/media?parent=1823"}],"curies":[{"name":"wp","href":"https:\/\/api.w.org\/{rel}","templated":true}]}}